{"id":6362,"date":"2024-05-10T19:03:33","date_gmt":"2024-05-10T17:03:33","guid":{"rendered":"https:\/\/www.snowworldsolution.com\/piste-riservate-zermatt-cervinia\/"},"modified":"2024-07-29T13:51:33","modified_gmt":"2024-07-29T11:51:33","slug":"piste-riservate-zermatt-cervinia","status":"publish","type":"page","link":"https:\/\/www.snowworldsolution.com\/fr\/piste-riservate-zermatt-cervinia\/","title":{"rendered":"Pistes r\u00e9serv\u00e9es \u00e0 <br> Zermatt | Cervinia"},"content":{"rendered":"<\/p>\n","protected":false},"excerpt":{"rendered":"","protected":false},"author":4,"featured_media":6363,"parent":0,"menu_order":0,"comment_status":"closed","ping_status":"closed","template":"template_builder.php","meta":{"footnotes":""},"class_list":["post-6362","page","type-page","status-publish","has-post-thumbnail","hentry"],"yoast_head":"<!-- This site is optimized with the Yoast SEO plugin v23.9 - https:\/\/yoast.com\/wordpress\/plugins\/seo\/ -->\n<title>Pistes r\u00e9serv\u00e9es \u00e0  Zermatt | Cervinia - Snow World Solution<\/title>\n<meta name=\"robots\" content=\"index, follow, max-snippet:-1, max-image-preview:large, max-video-preview:-1\" \/>\n<link rel=\"canonical\" href=\"https:\/\/www.snowworldsolution.com\/fr\/piste-riservate-zermatt-cervinia\/\" \/>\n<meta property=\"og:locale\" content=\"fr_FR\" \/>\n<meta property=\"og:type\" content=\"article\" \/>\n<meta property=\"og:title\" content=\"Pistes r\u00e9serv\u00e9es \u00e0  Zermatt | Cervinia - Snow World Solution\" \/>\n<meta property=\"og:url\" content=\"https:\/\/www.snowworldsolution.com\/fr\/piste-riservate-zermatt-cervinia\/\" \/>\n<meta property=\"og:site_name\" content=\"Snow World Solution\" \/>\n<meta property=\"article:modified_time\" content=\"2024-07-29T11:51:33+00:00\" \/>\n<meta property=\"og:image\" content=\"http:\/\/www.snowworldsolution.com\/wp-content\/uploads\/2014\/12\/mountains-3.jpg\" \/>\n\t<meta property=\"og:image:width\" content=\"1400\" \/>\n\t<meta property=\"og:image:height\" content=\"788\" \/>\n\t<meta property=\"og:image:type\" content=\"image\/jpeg\" \/>\n<meta name=\"twitter:card\" content=\"summary_large_image\" \/>\n<meta name=\"twitter:label1\" content=\"Dur\u00e9e de lecture estim\u00e9e\" \/>\n\t<meta name=\"twitter:data1\" content=\"1 minute\" \/>\n<script type=\"application\/ld+json\" class=\"yoast-schema-graph\">{\"@context\":\"https:\/\/schema.org\",\"@graph\":[{\"@type\":\"WebPage\",\"@id\":\"https:\/\/www.snowworldsolution.com\/fr\/piste-riservate-zermatt-cervinia\/\",\"url\":\"https:\/\/www.snowworldsolution.com\/fr\/piste-riservate-zermatt-cervinia\/\",\"name\":\"Pistes r\u00e9serv\u00e9es \u00e0 Zermatt | Cervinia - Snow World Solution\",\"isPartOf\":{\"@id\":\"https:\/\/www.snowworldsolution.com\/#website\"},\"primaryImageOfPage\":{\"@id\":\"https:\/\/www.snowworldsolution.com\/fr\/piste-riservate-zermatt-cervinia\/#primaryimage\"},\"image\":{\"@id\":\"https:\/\/www.snowworldsolution.com\/fr\/piste-riservate-zermatt-cervinia\/#primaryimage\"},\"thumbnailUrl\":\"https:\/\/www.snowworldsolution.com\/wp-content\/uploads\/2014\/12\/mountains-3.jpg\",\"datePublished\":\"2024-05-10T17:03:33+00:00\",\"dateModified\":\"2024-07-29T11:51:33+00:00\",\"breadcrumb\":{\"@id\":\"https:\/\/www.snowworldsolution.com\/fr\/piste-riservate-zermatt-cervinia\/#breadcrumb\"},\"inLanguage\":\"fr-FR\",\"potentialAction\":[{\"@type\":\"ReadAction\",\"target\":[\"https:\/\/www.snowworldsolution.com\/fr\/piste-riservate-zermatt-cervinia\/\"]}]},{\"@type\":\"ImageObject\",\"inLanguage\":\"fr-FR\",\"@id\":\"https:\/\/www.snowworldsolution.com\/fr\/piste-riservate-zermatt-cervinia\/#primaryimage\",\"url\":\"https:\/\/www.snowworldsolution.com\/wp-content\/uploads\/2014\/12\/mountains-3.jpg\",\"contentUrl\":\"https:\/\/www.snowworldsolution.com\/wp-content\/uploads\/2014\/12\/mountains-3.jpg\",\"width\":1400,\"height\":788},{\"@type\":\"BreadcrumbList\",\"@id\":\"https:\/\/www.snowworldsolution.com\/fr\/piste-riservate-zermatt-cervinia\/#breadcrumb\",\"itemListElement\":[{\"@type\":\"ListItem\",\"position\":1,\"name\":\"Home\",\"item\":\"https:\/\/www.snowworldsolution.com\/fr\/home\/\"},{\"@type\":\"ListItem\",\"position\":2,\"name\":\"Pistes r\u00e9serv\u00e9es \u00e0 Zermatt | Cervinia\"}]},{\"@type\":\"WebSite\",\"@id\":\"https:\/\/www.snowworldsolution.com\/#website\",\"url\":\"https:\/\/www.snowworldsolution.com\/\",\"name\":\"Snow World Solution\",\"description\":\"Pacchetti speciali per lo sci\",\"potentialAction\":[{\"@type\":\"SearchAction\",\"target\":{\"@type\":\"EntryPoint\",\"urlTemplate\":\"https:\/\/www.snowworldsolution.com\/?s={search_term_string}\"},\"query-input\":{\"@type\":\"PropertyValueSpecification\",\"valueRequired\":true,\"valueName\":\"search_term_string\"}}],\"inLanguage\":\"fr-FR\"}]}<\/script>\n<!-- \/ Yoast SEO plugin. -->","yoast_head_json":{"title":"Pistes r\u00e9serv\u00e9es \u00e0  Zermatt | Cervinia - Snow World Solution","robots":{"index":"index","follow":"follow","max-snippet":"max-snippet:-1","max-image-preview":"max-image-preview:large","max-video-preview":"max-video-preview:-1"},"canonical":"https:\/\/www.snowworldsolution.com\/fr\/piste-riservate-zermatt-cervinia\/","og_locale":"fr_FR","og_type":"article","og_title":"Pistes r\u00e9serv\u00e9es \u00e0  Zermatt | Cervinia - Snow World Solution","og_url":"https:\/\/www.snowworldsolution.com\/fr\/piste-riservate-zermatt-cervinia\/","og_site_name":"Snow World Solution","article_modified_time":"2024-07-29T11:51:33+00:00","og_image":[{"width":1400,"height":788,"url":"http:\/\/www.snowworldsolution.com\/wp-content\/uploads\/2014\/12\/mountains-3.jpg","type":"image\/jpeg"}],"twitter_card":"summary_large_image","twitter_misc":{"Dur\u00e9e de lecture estim\u00e9e":"1 minute"},"schema":{"@context":"https:\/\/schema.org","@graph":[{"@type":"WebPage","@id":"https:\/\/www.snowworldsolution.com\/fr\/piste-riservate-zermatt-cervinia\/","url":"https:\/\/www.snowworldsolution.com\/fr\/piste-riservate-zermatt-cervinia\/","name":"Pistes r\u00e9serv\u00e9es \u00e0 Zermatt | Cervinia - Snow World Solution","isPartOf":{"@id":"https:\/\/www.snowworldsolution.com\/#website"},"primaryImageOfPage":{"@id":"https:\/\/www.snowworldsolution.com\/fr\/piste-riservate-zermatt-cervinia\/#primaryimage"},"image":{"@id":"https:\/\/www.snowworldsolution.com\/fr\/piste-riservate-zermatt-cervinia\/#primaryimage"},"thumbnailUrl":"https:\/\/www.snowworldsolution.com\/wp-content\/uploads\/2014\/12\/mountains-3.jpg","datePublished":"2024-05-10T17:03:33+00:00","dateModified":"2024-07-29T11:51:33+00:00","breadcrumb":{"@id":"https:\/\/www.snowworldsolution.com\/fr\/piste-riservate-zermatt-cervinia\/#breadcrumb"},"inLanguage":"fr-FR","potentialAction":[{"@type":"ReadAction","target":["https:\/\/www.snowworldsolution.com\/fr\/piste-riservate-zermatt-cervinia\/"]}]},{"@type":"ImageObject","inLanguage":"fr-FR","@id":"https:\/\/www.snowworldsolution.com\/fr\/piste-riservate-zermatt-cervinia\/#primaryimage","url":"https:\/\/www.snowworldsolution.com\/wp-content\/uploads\/2014\/12\/mountains-3.jpg","contentUrl":"https:\/\/www.snowworldsolution.com\/wp-content\/uploads\/2014\/12\/mountains-3.jpg","width":1400,"height":788},{"@type":"BreadcrumbList","@id":"https:\/\/www.snowworldsolution.com\/fr\/piste-riservate-zermatt-cervinia\/#breadcrumb","itemListElement":[{"@type":"ListItem","position":1,"name":"Home","item":"https:\/\/www.snowworldsolution.com\/fr\/home\/"},{"@type":"ListItem","position":2,"name":"Pistes r\u00e9serv\u00e9es \u00e0 Zermatt | Cervinia"}]},{"@type":"WebSite","@id":"https:\/\/www.snowworldsolution.com\/#website","url":"https:\/\/www.snowworldsolution.com\/","name":"Snow World Solution","description":"Pacchetti speciali per lo sci","potentialAction":[{"@type":"SearchAction","target":{"@type":"EntryPoint","urlTemplate":"https:\/\/www.snowworldsolution.com\/?s={search_term_string}"},"query-input":{"@type":"PropertyValueSpecification","valueRequired":true,"valueName":"search_term_string"}}],"inLanguage":"fr-FR"}]}},"_links":{"self":[{"href":"https:\/\/www.snowworldsolution.com\/fr\/wp-json\/wp\/v2\/pages\/6362","targetHints":{"allow":["GET"]}}],"collection":[{"href":"https:\/\/www.snowworldsolution.com\/fr\/wp-json\/wp\/v2\/pages"}],"about":[{"href":"https:\/\/www.snowworldsolution.com\/fr\/wp-json\/wp\/v2\/types\/page"}],"author":[{"embeddable":true,"href":"https:\/\/www.snowworldsolution.com\/fr\/wp-json\/wp\/v2\/users\/4"}],"replies":[{"embeddable":true,"href":"https:\/\/www.snowworldsolution.com\/fr\/wp-json\/wp\/v2\/comments?post=6362"}],"version-history":[{"count":0,"href":"https:\/\/www.snowworldsolution.com\/fr\/wp-json\/wp\/v2\/pages\/6362\/revisions"}],"wp:featuredmedia":[{"embeddable":true,"href":"https:\/\/www.snowworldsolution.com\/fr\/wp-json\/wp\/v2\/media\/6363"}],"wp:attachment":[{"href":"https:\/\/www.snowworldsolution.com\/fr\/wp-json\/wp\/v2\/media?parent=6362"}],"curies":[{"name":"wp","href":"https:\/\/api.w.org\/{rel}","templated":true}]}}