{"id":6359,"date":"2016-01-11T22:07:12","date_gmt":"2016-01-11T21:07:12","guid":{"rendered":"https:\/\/www.snowworldsolution.com\/piste-riservate-hintertux\/"},"modified":"2024-07-29T14:38:51","modified_gmt":"2024-07-29T12:38:51","slug":"piste-riservate-hintertux","status":"publish","type":"page","link":"https:\/\/www.snowworldsolution.com\/fr\/piste-riservate-hintertux\/","title":{"rendered":"Pistes r\u00e9serv\u00e9es \u00e0 Hintertux"},"content":{"rendered":"","protected":false},"excerpt":{"rendered":"","protected":false},"author":1,"featured_media":6361,"parent":0,"menu_order":0,"comment_status":"closed","ping_status":"closed","template":"template_builder.php","meta":{"footnotes":""},"class_list":["post-6359","page","type-page","status-publish","has-post-thumbnail","hentry"],"yoast_head":"<!-- This site is optimized with the Yoast SEO plugin v23.9 - https:\/\/yoast.com\/wordpress\/plugins\/seo\/ -->\n<title>Prenotazione Piste Gare Allenamenti sci Hintertux Austria<\/title>\n<meta name=\"description\" content=\"Snow World Solution Vi propone il pacchetto: Hotel+Skipass+Pista da sci riservata agli allenamenti sul ghiacciaio di Hintertux, in Tirolo (Austria)\" \/>\n<meta name=\"robots\" content=\"index, follow, max-snippet:-1, max-image-preview:large, max-video-preview:-1\" \/>\n<link rel=\"canonical\" href=\"https:\/\/www.snowworldsolution.com\/fr\/piste-riservate-hintertux\/\" \/>\n<meta property=\"og:locale\" content=\"fr_FR\" \/>\n<meta property=\"og:type\" content=\"article\" \/>\n<meta property=\"og:title\" content=\"Prenotazione Piste Gare Allenamenti sci Hintertux Austria\" \/>\n<meta property=\"og:description\" content=\"Snow World Solution Vi propone il pacchetto: Hotel+Skipass+Pista da sci riservata agli allenamenti sul ghiacciaio di Hintertux, in Tirolo (Austria)\" \/>\n<meta property=\"og:url\" content=\"https:\/\/www.snowworldsolution.com\/fr\/piste-riservate-hintertux\/\" \/>\n<meta property=\"og:site_name\" content=\"Snow World Solution\" \/>\n<meta property=\"article:modified_time\" content=\"2024-07-29T12:38:51+00:00\" \/>\n<meta property=\"og:image\" content=\"http:\/\/www.snowworldsolution.com\/wp-content\/uploads\/2016\/01\/109-0953_IMG.jpg\" \/>\n\t<meta property=\"og:image:width\" content=\"2048\" \/>\n\t<meta property=\"og:image:height\" content=\"1536\" \/>\n\t<meta property=\"og:image:type\" content=\"image\/jpeg\" \/>\n<meta name=\"twitter:card\" content=\"summary_large_image\" \/>\n<meta name=\"twitter:label1\" content=\"Dur\u00e9e de lecture estim\u00e9e\" \/>\n\t<meta name=\"twitter:data1\" content=\"1 minute\" \/>\n<script type=\"application\/ld+json\" class=\"yoast-schema-graph\">{\"@context\":\"https:\/\/schema.org\",\"@graph\":[{\"@type\":\"WebPage\",\"@id\":\"https:\/\/www.snowworldsolution.com\/fr\/piste-riservate-hintertux\/\",\"url\":\"https:\/\/www.snowworldsolution.com\/fr\/piste-riservate-hintertux\/\",\"name\":\"Prenotazione Piste Gare Allenamenti sci Hintertux Austria\",\"isPartOf\":{\"@id\":\"https:\/\/www.snowworldsolution.com\/#website\"},\"primaryImageOfPage\":{\"@id\":\"https:\/\/www.snowworldsolution.com\/fr\/piste-riservate-hintertux\/#primaryimage\"},\"image\":{\"@id\":\"https:\/\/www.snowworldsolution.com\/fr\/piste-riservate-hintertux\/#primaryimage\"},\"thumbnailUrl\":\"https:\/\/www.snowworldsolution.com\/wp-content\/uploads\/2016\/01\/109-0953_IMG.jpg\",\"datePublished\":\"2016-01-11T21:07:12+00:00\",\"dateModified\":\"2024-07-29T12:38:51+00:00\",\"description\":\"Snow World Solution Vi propone il pacchetto: Hotel+Skipass+Pista da sci riservata agli allenamenti sul ghiacciaio di Hintertux, in Tirolo (Austria)\",\"breadcrumb\":{\"@id\":\"https:\/\/www.snowworldsolution.com\/fr\/piste-riservate-hintertux\/#breadcrumb\"},\"inLanguage\":\"fr-FR\",\"potentialAction\":[{\"@type\":\"ReadAction\",\"target\":[\"https:\/\/www.snowworldsolution.com\/fr\/piste-riservate-hintertux\/\"]}]},{\"@type\":\"ImageObject\",\"inLanguage\":\"fr-FR\",\"@id\":\"https:\/\/www.snowworldsolution.com\/fr\/piste-riservate-hintertux\/#primaryimage\",\"url\":\"https:\/\/www.snowworldsolution.com\/wp-content\/uploads\/2016\/01\/109-0953_IMG.jpg\",\"contentUrl\":\"https:\/\/www.snowworldsolution.com\/wp-content\/uploads\/2016\/01\/109-0953_IMG.jpg\",\"width\":2048,\"height\":1536,\"caption\":\"Gatti delle nevi\"},{\"@type\":\"BreadcrumbList\",\"@id\":\"https:\/\/www.snowworldsolution.com\/fr\/piste-riservate-hintertux\/#breadcrumb\",\"itemListElement\":[{\"@type\":\"ListItem\",\"position\":1,\"name\":\"Home\",\"item\":\"https:\/\/www.snowworldsolution.com\/fr\/home\/\"},{\"@type\":\"ListItem\",\"position\":2,\"name\":\"Pistes r\u00e9serv\u00e9es \u00e0 Hintertux\"}]},{\"@type\":\"WebSite\",\"@id\":\"https:\/\/www.snowworldsolution.com\/#website\",\"url\":\"https:\/\/www.snowworldsolution.com\/\",\"name\":\"Snow World Solution\",\"description\":\"Pacchetti speciali per lo sci\",\"potentialAction\":[{\"@type\":\"SearchAction\",\"target\":{\"@type\":\"EntryPoint\",\"urlTemplate\":\"https:\/\/www.snowworldsolution.com\/?s={search_term_string}\"},\"query-input\":{\"@type\":\"PropertyValueSpecification\",\"valueRequired\":true,\"valueName\":\"search_term_string\"}}],\"inLanguage\":\"fr-FR\"}]}<\/script>\n<!-- \/ Yoast SEO plugin. -->","yoast_head_json":{"title":"Prenotazione Piste Gare Allenamenti sci Hintertux Austria","description":"Snow World Solution Vi propone il pacchetto: Hotel+Skipass+Pista da sci riservata agli allenamenti sul ghiacciaio di Hintertux, in Tirolo (Austria)","robots":{"index":"index","follow":"follow","max-snippet":"max-snippet:-1","max-image-preview":"max-image-preview:large","max-video-preview":"max-video-preview:-1"},"canonical":"https:\/\/www.snowworldsolution.com\/fr\/piste-riservate-hintertux\/","og_locale":"fr_FR","og_type":"article","og_title":"Prenotazione Piste Gare Allenamenti sci Hintertux Austria","og_description":"Snow World Solution Vi propone il pacchetto: Hotel+Skipass+Pista da sci riservata agli allenamenti sul ghiacciaio di Hintertux, in Tirolo (Austria)","og_url":"https:\/\/www.snowworldsolution.com\/fr\/piste-riservate-hintertux\/","og_site_name":"Snow World Solution","article_modified_time":"2024-07-29T12:38:51+00:00","og_image":[{"width":2048,"height":1536,"url":"http:\/\/www.snowworldsolution.com\/wp-content\/uploads\/2016\/01\/109-0953_IMG.jpg","type":"image\/jpeg"}],"twitter_card":"summary_large_image","twitter_misc":{"Dur\u00e9e de lecture estim\u00e9e":"1 minute"},"schema":{"@context":"https:\/\/schema.org","@graph":[{"@type":"WebPage","@id":"https:\/\/www.snowworldsolution.com\/fr\/piste-riservate-hintertux\/","url":"https:\/\/www.snowworldsolution.com\/fr\/piste-riservate-hintertux\/","name":"Prenotazione Piste Gare Allenamenti sci Hintertux Austria","isPartOf":{"@id":"https:\/\/www.snowworldsolution.com\/#website"},"primaryImageOfPage":{"@id":"https:\/\/www.snowworldsolution.com\/fr\/piste-riservate-hintertux\/#primaryimage"},"image":{"@id":"https:\/\/www.snowworldsolution.com\/fr\/piste-riservate-hintertux\/#primaryimage"},"thumbnailUrl":"https:\/\/www.snowworldsolution.com\/wp-content\/uploads\/2016\/01\/109-0953_IMG.jpg","datePublished":"2016-01-11T21:07:12+00:00","dateModified":"2024-07-29T12:38:51+00:00","description":"Snow World Solution Vi propone il pacchetto: Hotel+Skipass+Pista da sci riservata agli allenamenti sul ghiacciaio di Hintertux, in Tirolo (Austria)","breadcrumb":{"@id":"https:\/\/www.snowworldsolution.com\/fr\/piste-riservate-hintertux\/#breadcrumb"},"inLanguage":"fr-FR","potentialAction":[{"@type":"ReadAction","target":["https:\/\/www.snowworldsolution.com\/fr\/piste-riservate-hintertux\/"]}]},{"@type":"ImageObject","inLanguage":"fr-FR","@id":"https:\/\/www.snowworldsolution.com\/fr\/piste-riservate-hintertux\/#primaryimage","url":"https:\/\/www.snowworldsolution.com\/wp-content\/uploads\/2016\/01\/109-0953_IMG.jpg","contentUrl":"https:\/\/www.snowworldsolution.com\/wp-content\/uploads\/2016\/01\/109-0953_IMG.jpg","width":2048,"height":1536,"caption":"Gatti delle nevi"},{"@type":"BreadcrumbList","@id":"https:\/\/www.snowworldsolution.com\/fr\/piste-riservate-hintertux\/#breadcrumb","itemListElement":[{"@type":"ListItem","position":1,"name":"Home","item":"https:\/\/www.snowworldsolution.com\/fr\/home\/"},{"@type":"ListItem","position":2,"name":"Pistes r\u00e9serv\u00e9es \u00e0 Hintertux"}]},{"@type":"WebSite","@id":"https:\/\/www.snowworldsolution.com\/#website","url":"https:\/\/www.snowworldsolution.com\/","name":"Snow World Solution","description":"Pacchetti speciali per lo sci","potentialAction":[{"@type":"SearchAction","target":{"@type":"EntryPoint","urlTemplate":"https:\/\/www.snowworldsolution.com\/?s={search_term_string}"},"query-input":{"@type":"PropertyValueSpecification","valueRequired":true,"valueName":"search_term_string"}}],"inLanguage":"fr-FR"}]}},"_links":{"self":[{"href":"https:\/\/www.snowworldsolution.com\/fr\/wp-json\/wp\/v2\/pages\/6359","targetHints":{"allow":["GET"]}}],"collection":[{"href":"https:\/\/www.snowworldsolution.com\/fr\/wp-json\/wp\/v2\/pages"}],"about":[{"href":"https:\/\/www.snowworldsolution.com\/fr\/wp-json\/wp\/v2\/types\/page"}],"author":[{"embeddable":true,"href":"https:\/\/www.snowworldsolution.com\/fr\/wp-json\/wp\/v2\/users\/1"}],"replies":[{"embeddable":true,"href":"https:\/\/www.snowworldsolution.com\/fr\/wp-json\/wp\/v2\/comments?post=6359"}],"version-history":[{"count":0,"href":"https:\/\/www.snowworldsolution.com\/fr\/wp-json\/wp\/v2\/pages\/6359\/revisions"}],"wp:featuredmedia":[{"embeddable":true,"href":"https:\/\/www.snowworldsolution.com\/fr\/wp-json\/wp\/v2\/media\/6361"}],"wp:attachment":[{"href":"https:\/\/www.snowworldsolution.com\/fr\/wp-json\/wp\/v2\/media?parent=6359"}],"curies":[{"name":"wp","href":"https:\/\/api.w.org\/{rel}","templated":true}]}}